{"id":310,"date":"2023-11-01T19:23:42","date_gmt":"2023-11-01T19:23:42","guid":{"rendered":"https:\/\/cynthiamicheldiseno.com\/?page_id=310"},"modified":"2023-11-01T19:26:40","modified_gmt":"2023-11-01T19:26:40","slug":"regalos-corporativos","status":"publish","type":"page","link":"https:\/\/cynthiamicheldiseno.com\/index.php\/regalos-corporativos\/","title":{"rendered":"Regalos corporativos"},"content":{"rendered":"\t\t<div data-elementor-type=\"wp-page\" data-elementor-id=\"310\" class=\"elementor elementor-310\">\n\t\t\t\t\t\t\t\t\t<section class=\"elementor-section elementor-top-section elementor-element elementor-element-33416d2e elementor-section-full_width elementor-section-content-middle elementor-section-height-default elementor-section-height-default\" data-id=\"33416d2e\" data-element_type=\"section\">\n\t\t\t\t\t\t<div class=\"elementor-container elementor-column-gap-no\">\n\t\t\t\t\t<div class=\"elementor-column elementor-col-50 elementor-top-column elementor-element elementor-element-51caccfc\" data-id=\"51caccfc\" data-element_type=\"column\">\n\t\t\t<div class=\"elementor-widget-wrap elementor-element-populated\">\n\t\t\t\t\t\t\t\t<div class=\"elementor-element elementor-element-19b336b1 elementor-widget elementor-widget-heading\" data-id=\"19b336b1\" data-element_type=\"widget\" data-widget_type=\"heading.default\">\n\t\t\t\t<div class=\"elementor-widget-container\">\n\t\t\t<h5 class=\"elementor-heading-title elementor-size-default\">Fortalece tu imagen  y fomenta la lealtad y la colaboraci\u00f3n.\"<\/h5>\t\t<\/div>\n\t\t\t\t<\/div>\n\t\t\t\t\t<\/div>\n\t\t<\/div>\n\t\t\t\t<div class=\"elementor-column elementor-col-50 elementor-top-column elementor-element elementor-element-2c8e0207\" data-id=\"2c8e0207\" data-element_type=\"column\">\n\t\t\t<div class=\"elementor-widget-wrap elementor-element-populated\">\n\t\t\t\t\t\t\t\t<div class=\"elementor-element elementor-element-69a0dcbe elementor-widget elementor-widget-text-editor\" data-id=\"69a0dcbe\" data-element_type=\"widget\" data-widget_type=\"text-editor.default\">\n\t\t\t\t<div class=\"elementor-widget-container\">\n\t\t\t\t\t\t\t<p><span style=\"color: rgb(52, 53, 65); font-family: S\u00f6hne, ui-sans-serif, system-ui, -apple-system, &quot;Segoe UI&quot;, Roboto, Ubuntu, Cantarell, &quot;Noto Sans&quot;, sans-serif, &quot;Helvetica Neue&quot;, Arial, &quot;Apple Color Emoji&quot;, &quot;Segoe UI Emoji&quot;, &quot;Segoe UI Symbol&quot;, &quot;Noto Color Emoji&quot;; font-size: 16px; white-space-collapse: preserve;\">&#8220;El reconocimiento de clientes y personal de confianza a trav\u00e9s de regalos corporativos <\/span><br><\/p>\t\t\t\t\t\t<\/div>\n\t\t\t\t<\/div>\n\t\t\t\t\t<\/div>\n\t\t<\/div>\n\t\t\t\t\t\t\t<\/div>\n\t\t<\/section>\n\t\t\t\t<section class=\"elementor-section elementor-top-section elementor-element elementor-element-741a31ac elementor-section-full_width elementor-section-height-default elementor-section-height-default\" data-id=\"741a31ac\" data-element_type=\"section\">\n\t\t\t\t\t\t<div class=\"elementor-container elementor-column-gap-no\">\n\t\t\t\t\t<div class=\"elementor-column elementor-col-33 elementor-top-column elementor-element elementor-element-712a634d\" data-id=\"712a634d\" data-element_type=\"column\">\n\t\t\t<div class=\"elementor-widget-wrap elementor-element-populated\">\n\t\t\t\t\t\t\t\t<div class=\"elementor-element elementor-element-1b6d8e41 gallery-spacing-custom elementor-widget-mobile__width-inherit elementor-widget elementor-widget-image-gallery\" data-id=\"1b6d8e41\" data-element_type=\"widget\" data-widget_type=\"image-gallery.default\">\n\t\t\t\t<div class=\"elementor-widget-container\">\n\t\t\t\t\t<div class=\"elementor-image-gallery\">\n\t\t\t<div id='gallery-1' class='gallery galleryid-310 gallery-columns-1 gallery-size-large'><figure class='gallery-item'>\n\t\t\t<div class='gallery-icon landscape'>\n\t\t\t\t<a data-elementor-open-lightbox=\"yes\" data-elementor-lightbox-slideshow=\"1b6d8e41\" data-elementor-lightbox-title=\"IMG_1045\" data-e-action-hash=\"#elementor-action%3Aaction%3Dlightbox%26settings%3DeyJpZCI6MzE2LCJ1cmwiOiJodHRwczpcL1wvY3ludGhpYW1pY2hlbGRpc2Vuby5jb21cL3dwLWNvbnRlbnRcL3VwbG9hZHNcLzIwMjNcLzExXC9JTUdfMTA0NS1zY2FsZWQuanBnIiwic2xpZGVzaG93IjoiMWI2ZDhlNDEifQ%3D%3D\" href='https:\/\/cynthiamicheldiseno.com\/wp-content\/uploads\/2023\/11\/IMG_1045-scaled.jpg'><img loading=\"lazy\" decoding=\"async\" width=\"1024\" height=\"1024\" src=\"https:\/\/cynthiamicheldiseno.com\/wp-content\/uploads\/2023\/11\/IMG_1045-1024x1024.jpg\" class=\"attachment-large size-large\" alt=\"\" srcset=\"https:\/\/cynthiamicheldiseno.com\/wp-content\/uploads\/2023\/11\/IMG_1045-1024x1024.jpg 1024w, https:\/\/cynthiamicheldiseno.com\/wp-content\/uploads\/2023\/11\/IMG_1045-300x300.jpg 300w, https:\/\/cynthiamicheldiseno.com\/wp-content\/uploads\/2023\/11\/IMG_1045-150x150.jpg 150w, https:\/\/cynthiamicheldiseno.com\/wp-content\/uploads\/2023\/11\/IMG_1045-768x768.jpg 768w\" sizes=\"(max-width: 1024px) 100vw, 1024px\" \/><\/a>\n\t\t\t<\/div><\/figure><figure class='gallery-item'>\n\t\t\t<div class='gallery-icon portrait'>\n\t\t\t\t<a data-elementor-open-lightbox=\"yes\" data-elementor-lightbox-slideshow=\"1b6d8e41\" data-elementor-lightbox-title=\"IMG_1664\" data-e-action-hash=\"#elementor-action%3Aaction%3Dlightbox%26settings%3DeyJpZCI6MzE3LCJ1cmwiOiJodHRwczpcL1wvY3ludGhpYW1pY2hlbGRpc2Vuby5jb21cL3dwLWNvbnRlbnRcL3VwbG9hZHNcLzIwMjNcLzExXC9JTUdfMTY2NC1zY2FsZWQuanBnIiwic2xpZGVzaG93IjoiMWI2ZDhlNDEifQ%3D%3D\" href='https:\/\/cynthiamicheldiseno.com\/wp-content\/uploads\/2023\/11\/IMG_1664-scaled.jpg'><img loading=\"lazy\" decoding=\"async\" width=\"1024\" height=\"1024\" src=\"https:\/\/cynthiamicheldiseno.com\/wp-content\/uploads\/2023\/11\/IMG_1664-1024x1024.jpg\" class=\"attachment-large size-large\" alt=\"\" srcset=\"https:\/\/cynthiamicheldiseno.com\/wp-content\/uploads\/2023\/11\/IMG_1664-1024x1024.jpg 1024w, https:\/\/cynthiamicheldiseno.com\/wp-content\/uploads\/2023\/11\/IMG_1664-300x300.jpg 300w, https:\/\/cynthiamicheldiseno.com\/wp-content\/uploads\/2023\/11\/IMG_1664-150x150.jpg 150w, https:\/\/cynthiamicheldiseno.com\/wp-content\/uploads\/2023\/11\/IMG_1664-768x768.jpg 768w\" sizes=\"(max-width: 1024px) 100vw, 1024px\" \/><\/a>\n\t\t\t<\/div><\/figure><figure class='gallery-item'>\n\t\t\t<div class='gallery-icon portrait'>\n\t\t\t\t<a data-elementor-open-lightbox=\"yes\" data-elementor-lightbox-slideshow=\"1b6d8e41\" data-elementor-lightbox-title=\"15055840-1C69-435C-9A15-9667BFE9693D\" data-e-action-hash=\"#elementor-action%3Aaction%3Dlightbox%26settings%3DeyJpZCI6MzE4LCJ1cmwiOiJodHRwczpcL1wvY3ludGhpYW1pY2hlbGRpc2Vuby5jb21cL3dwLWNvbnRlbnRcL3VwbG9hZHNcLzIwMjNcLzExXC8xNTA1NTg0MC0xQzY5LTQzNUMtOUExNS05NjY3QkZFOTY5M0Qtc2NhbGVkLmpwZyIsInNsaWRlc2hvdyI6IjFiNmQ4ZTQxIn0%3D\" href='https:\/\/cynthiamicheldiseno.com\/wp-content\/uploads\/2023\/11\/15055840-1C69-435C-9A15-9667BFE9693D-scaled.jpg'><img loading=\"lazy\" decoding=\"async\" width=\"1024\" height=\"1024\" src=\"https:\/\/cynthiamicheldiseno.com\/wp-content\/uploads\/2023\/11\/15055840-1C69-435C-9A15-9667BFE9693D-1024x1024.jpg\" class=\"attachment-large size-large\" alt=\"\" srcset=\"https:\/\/cynthiamicheldiseno.com\/wp-content\/uploads\/2023\/11\/15055840-1C69-435C-9A15-9667BFE9693D-1024x1024.jpg 1024w, https:\/\/cynthiamicheldiseno.com\/wp-content\/uploads\/2023\/11\/15055840-1C69-435C-9A15-9667BFE9693D-300x300.jpg 300w, https:\/\/cynthiamicheldiseno.com\/wp-content\/uploads\/2023\/11\/15055840-1C69-435C-9A15-9667BFE9693D-150x150.jpg 150w, https:\/\/cynthiamicheldiseno.com\/wp-content\/uploads\/2023\/11\/15055840-1C69-435C-9A15-9667BFE9693D-768x768.jpg 768w\" sizes=\"(max-width: 1024px) 100vw, 1024px\" \/><\/a>\n\t\t\t<\/div><\/figure><figure class='gallery-item'>\n\t\t\t<div class='gallery-icon portrait'>\n\t\t\t\t<a data-elementor-open-lightbox=\"yes\" data-elementor-lightbox-slideshow=\"1b6d8e41\" data-elementor-lightbox-title=\"IMG_4867\" data-e-action-hash=\"#elementor-action%3Aaction%3Dlightbox%26settings%3DeyJpZCI6MzE5LCJ1cmwiOiJodHRwczpcL1wvY3ludGhpYW1pY2hlbGRpc2Vuby5jb21cL3dwLWNvbnRlbnRcL3VwbG9hZHNcLzIwMjNcLzExXC9JTUdfNDg2Ny1zY2FsZWQuanBnIiwic2xpZGVzaG93IjoiMWI2ZDhlNDEifQ%3D%3D\" href='https:\/\/cynthiamicheldiseno.com\/wp-content\/uploads\/2023\/11\/IMG_4867-scaled.jpg'><img loading=\"lazy\" decoding=\"async\" width=\"1024\" height=\"1024\" src=\"https:\/\/cynthiamicheldiseno.com\/wp-content\/uploads\/2023\/11\/IMG_4867-1024x1024.jpg\" class=\"attachment-large size-large\" alt=\"\" srcset=\"https:\/\/cynthiamicheldiseno.com\/wp-content\/uploads\/2023\/11\/IMG_4867-1024x1024.jpg 1024w, https:\/\/cynthiamicheldiseno.com\/wp-content\/uploads\/2023\/11\/IMG_4867-300x300.jpg 300w, https:\/\/cynthiamicheldiseno.com\/wp-content\/uploads\/2023\/11\/IMG_4867-150x150.jpg 150w, https:\/\/cynthiamicheldiseno.com\/wp-content\/uploads\/2023\/11\/IMG_4867-768x768.jpg 768w\" sizes=\"(max-width: 1024px) 100vw, 1024px\" \/><\/a>\n\t\t\t<\/div><\/figure><figure class='gallery-item'>\n\t\t\t<div class='gallery-icon landscape'>\n\t\t\t\t<a data-elementor-open-lightbox=\"yes\" data-elementor-lightbox-slideshow=\"1b6d8e41\" data-elementor-lightbox-title=\"IMG_4704\" data-e-action-hash=\"#elementor-action%3Aaction%3Dlightbox%26settings%3DeyJpZCI6MzIwLCJ1cmwiOiJodHRwczpcL1wvY3ludGhpYW1pY2hlbGRpc2Vuby5jb21cL3dwLWNvbnRlbnRcL3VwbG9hZHNcLzIwMjNcLzExXC9JTUdfNDcwNC5qcGciLCJzbGlkZXNob3ciOiIxYjZkOGU0MSJ9\" href='https:\/\/cynthiamicheldiseno.com\/wp-content\/uploads\/2023\/11\/IMG_4704.jpg'><img loading=\"lazy\" decoding=\"async\" width=\"728\" height=\"722\" src=\"https:\/\/cynthiamicheldiseno.com\/wp-content\/uploads\/2023\/11\/IMG_4704.jpg\" class=\"attachment-large size-large\" alt=\"\" srcset=\"https:\/\/cynthiamicheldiseno.com\/wp-content\/uploads\/2023\/11\/IMG_4704.jpg 728w, https:\/\/cynthiamicheldiseno.com\/wp-content\/uploads\/2023\/11\/IMG_4704-150x150.jpg 150w, https:\/\/cynthiamicheldiseno.com\/wp-content\/uploads\/2023\/11\/IMG_4704-200x198.jpg 200w\" sizes=\"(max-width: 728px) 100vw, 728px\" \/><\/a>\n\t\t\t<\/div><\/figure>\n\t\t<\/div>\n\t\t<\/div>\n\t\t\t\t<\/div>\n\t\t\t\t<\/div>\n\t\t\t\t\t<\/div>\n\t\t<\/div>\n\t\t\t\t<div class=\"elementor-column elementor-col-33 elementor-top-column elementor-element elementor-element-4b0df292\" data-id=\"4b0df292\" data-element_type=\"column\">\n\t\t\t<div class=\"elementor-widget-wrap elementor-element-populated\">\n\t\t\t\t\t\t\t\t<div class=\"elementor-element elementor-element-77be3170 gallery-spacing-custom elementor-widget-mobile__width-inherit elementor-widget elementor-widget-image-gallery\" data-id=\"77be3170\" data-element_type=\"widget\" data-widget_type=\"image-gallery.default\">\n\t\t\t\t<div class=\"elementor-widget-container\">\n\t\t\t\t\t<div class=\"elementor-image-gallery\">\n\t\t\t<div id='gallery-2' class='gallery galleryid-310 gallery-columns-1 gallery-size-large'><figure class='gallery-item'>\n\t\t\t<div class='gallery-icon landscape'>\n\t\t\t\t<a data-elementor-open-lightbox=\"yes\" data-elementor-lightbox-slideshow=\"77be3170\" data-elementor-lightbox-title=\"1\" data-e-action-hash=\"#elementor-action%3Aaction%3Dlightbox%26settings%3DeyJpZCI6MTM3LCJ1cmwiOiJodHRwczpcL1wvY3ludGhpYW1pY2hlbGRpc2Vuby5jb21cL3dwLWNvbnRlbnRcL3VwbG9hZHNcLzIwMjNcLzEwXC8xLTEucG5nIiwic2xpZGVzaG93IjoiNzdiZTMxNzAifQ%3D%3D\" href='https:\/\/cynthiamicheldiseno.com\/wp-content\/uploads\/2023\/10\/1-1.png'><img loading=\"lazy\" decoding=\"async\" width=\"250\" height=\"250\" src=\"https:\/\/cynthiamicheldiseno.com\/wp-content\/uploads\/2023\/10\/1-1.png\" class=\"attachment-large size-large\" alt=\"\" srcset=\"https:\/\/cynthiamicheldiseno.com\/wp-content\/uploads\/2023\/10\/1-1.png 250w, https:\/\/cynthiamicheldiseno.com\/wp-content\/uploads\/2023\/10\/1-1-150x150.png 150w, https:\/\/cynthiamicheldiseno.com\/wp-content\/uploads\/2023\/10\/1-1-200x200.png 200w\" sizes=\"(max-width: 250px) 100vw, 250px\" \/><\/a>\n\t\t\t<\/div><\/figure><figure class='gallery-item'>\n\t\t\t<div class='gallery-icon portrait'>\n\t\t\t\t<a data-elementor-open-lightbox=\"yes\" data-elementor-lightbox-slideshow=\"77be3170\" data-elementor-lightbox-title=\"IMG_7593\" data-e-action-hash=\"#elementor-action%3Aaction%3Dlightbox%26settings%3DeyJpZCI6MzIxLCJ1cmwiOiJodHRwczpcL1wvY3ludGhpYW1pY2hlbGRpc2Vuby5jb21cL3dwLWNvbnRlbnRcL3VwbG9hZHNcLzIwMjNcLzExXC9JTUdfNzU5My1zY2FsZWQuanBnIiwic2xpZGVzaG93IjoiNzdiZTMxNzAifQ%3D%3D\" href='https:\/\/cynthiamicheldiseno.com\/wp-content\/uploads\/2023\/11\/IMG_7593-scaled.jpg'><img loading=\"lazy\" decoding=\"async\" width=\"1024\" height=\"1024\" src=\"https:\/\/cynthiamicheldiseno.com\/wp-content\/uploads\/2023\/11\/IMG_7593-1024x1024.jpg\" class=\"attachment-large size-large\" alt=\"\" srcset=\"https:\/\/cynthiamicheldiseno.com\/wp-content\/uploads\/2023\/11\/IMG_7593-1024x1024.jpg 1024w, https:\/\/cynthiamicheldiseno.com\/wp-content\/uploads\/2023\/11\/IMG_7593-300x300.jpg 300w, https:\/\/cynthiamicheldiseno.com\/wp-content\/uploads\/2023\/11\/IMG_7593-150x150.jpg 150w, https:\/\/cynthiamicheldiseno.com\/wp-content\/uploads\/2023\/11\/IMG_7593-768x768.jpg 768w\" sizes=\"(max-width: 1024px) 100vw, 1024px\" \/><\/a>\n\t\t\t<\/div><\/figure><figure class='gallery-item'>\n\t\t\t<div class='gallery-icon portrait'>\n\t\t\t\t<a data-elementor-open-lightbox=\"yes\" data-elementor-lightbox-slideshow=\"77be3170\" data-elementor-lightbox-title=\"DD8ECF26-2347-43CC-A960-A41875CD0C4A\" data-e-action-hash=\"#elementor-action%3Aaction%3Dlightbox%26settings%3DeyJpZCI6MzIyLCJ1cmwiOiJodHRwczpcL1wvY3ludGhpYW1pY2hlbGRpc2Vuby5jb21cL3dwLWNvbnRlbnRcL3VwbG9hZHNcLzIwMjNcLzExXC9ERDhFQ0YyNi0yMzQ3LTQzQ0MtQTk2MC1BNDE4NzVDRDBDNEEuanBnIiwic2xpZGVzaG93IjoiNzdiZTMxNzAifQ%3D%3D\" href='https:\/\/cynthiamicheldiseno.com\/wp-content\/uploads\/2023\/11\/DD8ECF26-2347-43CC-A960-A41875CD0C4A.jpg'><img loading=\"lazy\" decoding=\"async\" width=\"1024\" height=\"1024\" src=\"https:\/\/cynthiamicheldiseno.com\/wp-content\/uploads\/2023\/11\/DD8ECF26-2347-43CC-A960-A41875CD0C4A-1024x1024.jpg\" class=\"attachment-large size-large\" alt=\"\" srcset=\"https:\/\/cynthiamicheldiseno.com\/wp-content\/uploads\/2023\/11\/DD8ECF26-2347-43CC-A960-A41875CD0C4A-1024x1024.jpg 1024w, https:\/\/cynthiamicheldiseno.com\/wp-content\/uploads\/2023\/11\/DD8ECF26-2347-43CC-A960-A41875CD0C4A-300x300.jpg 300w, https:\/\/cynthiamicheldiseno.com\/wp-content\/uploads\/2023\/11\/DD8ECF26-2347-43CC-A960-A41875CD0C4A-150x150.jpg 150w, https:\/\/cynthiamicheldiseno.com\/wp-content\/uploads\/2023\/11\/DD8ECF26-2347-43CC-A960-A41875CD0C4A-768x768.jpg 768w\" sizes=\"(max-width: 1024px) 100vw, 1024px\" \/><\/a>\n\t\t\t<\/div><\/figure>\n\t\t<\/div>\n\t\t<\/div>\n\t\t\t\t<\/div>\n\t\t\t\t<\/div>\n\t\t\t\t\t<\/div>\n\t\t<\/div>\n\t\t\t\t<div class=\"elementor-column elementor-col-33 elementor-top-column elementor-element elementor-element-252f4cc5\" data-id=\"252f4cc5\" data-element_type=\"column\">\n\t\t\t<div class=\"elementor-widget-wrap elementor-element-populated\">\n\t\t\t\t\t\t\t\t<div class=\"elementor-element elementor-element-4e2e840e gallery-spacing-custom elementor-widget-mobile__width-inherit elementor-widget elementor-widget-image-gallery\" data-id=\"4e2e840e\" data-element_type=\"widget\" data-widget_type=\"image-gallery.default\">\n\t\t\t\t<div class=\"elementor-widget-container\">\n\t\t\t\t\t<div class=\"elementor-image-gallery\">\n\t\t\t<div id='gallery-3' class='gallery galleryid-310 gallery-columns-1 gallery-size-large'><figure class='gallery-item'>\n\t\t\t<div class='gallery-icon portrait'>\n\t\t\t\t<a data-elementor-open-lightbox=\"yes\" data-elementor-lightbox-slideshow=\"4e2e840e\" data-elementor-lightbox-title=\"IMG_2719\" data-e-action-hash=\"#elementor-action%3Aaction%3Dlightbox%26settings%3DeyJpZCI6MTU2LCJ1cmwiOiJodHRwczpcL1wvY3ludGhpYW1pY2hlbGRpc2Vuby5jb21cL3dwLWNvbnRlbnRcL3VwbG9hZHNcLzIwMjNcLzEwXC9JTUdfMjcxOS1zY2FsZWQuanBnIiwic2xpZGVzaG93IjoiNGUyZTg0MGUifQ%3D%3D\" href='https:\/\/cynthiamicheldiseno.com\/wp-content\/uploads\/2023\/10\/IMG_2719-scaled.jpg'><img loading=\"lazy\" decoding=\"async\" width=\"1024\" height=\"1024\" src=\"https:\/\/cynthiamicheldiseno.com\/wp-content\/uploads\/2023\/10\/IMG_2719-1024x1024.jpg\" class=\"attachment-large size-large\" alt=\"\" srcset=\"https:\/\/cynthiamicheldiseno.com\/wp-content\/uploads\/2023\/10\/IMG_2719-1024x1024.jpg 1024w, https:\/\/cynthiamicheldiseno.com\/wp-content\/uploads\/2023\/10\/IMG_2719-300x300.jpg 300w, https:\/\/cynthiamicheldiseno.com\/wp-content\/uploads\/2023\/10\/IMG_2719-150x150.jpg 150w, https:\/\/cynthiamicheldiseno.com\/wp-content\/uploads\/2023\/10\/IMG_2719-768x768.jpg 768w\" sizes=\"(max-width: 1024px) 100vw, 1024px\" \/><\/a>\n\t\t\t<\/div><\/figure><figure class='gallery-item'>\n\t\t\t<div class='gallery-icon portrait'>\n\t\t\t\t<a data-elementor-open-lightbox=\"yes\" data-elementor-lightbox-slideshow=\"4e2e840e\" data-elementor-lightbox-title=\"IMG_6700\" data-e-action-hash=\"#elementor-action%3Aaction%3Dlightbox%26settings%3DeyJpZCI6MzIzLCJ1cmwiOiJodHRwczpcL1wvY3ludGhpYW1pY2hlbGRpc2Vuby5jb21cL3dwLWNvbnRlbnRcL3VwbG9hZHNcLzIwMjNcLzExXC9JTUdfNjcwMC1zY2FsZWQuanBnIiwic2xpZGVzaG93IjoiNGUyZTg0MGUifQ%3D%3D\" href='https:\/\/cynthiamicheldiseno.com\/wp-content\/uploads\/2023\/11\/IMG_6700-scaled.jpg'><img loading=\"lazy\" decoding=\"async\" width=\"1024\" height=\"1024\" src=\"https:\/\/cynthiamicheldiseno.com\/wp-content\/uploads\/2023\/11\/IMG_6700-1024x1024.jpg\" class=\"attachment-large size-large\" alt=\"\" srcset=\"https:\/\/cynthiamicheldiseno.com\/wp-content\/uploads\/2023\/11\/IMG_6700-1024x1024.jpg 1024w, https:\/\/cynthiamicheldiseno.com\/wp-content\/uploads\/2023\/11\/IMG_6700-300x300.jpg 300w, https:\/\/cynthiamicheldiseno.com\/wp-content\/uploads\/2023\/11\/IMG_6700-150x150.jpg 150w, https:\/\/cynthiamicheldiseno.com\/wp-content\/uploads\/2023\/11\/IMG_6700-768x768.jpg 768w\" sizes=\"(max-width: 1024px) 100vw, 1024px\" \/><\/a>\n\t\t\t<\/div><\/figure><figure class='gallery-item'>\n\t\t\t<div class='gallery-icon landscape'>\n\t\t\t\t<a data-elementor-open-lightbox=\"yes\" data-elementor-lightbox-slideshow=\"4e2e840e\" data-elementor-lightbox-title=\"2C90F9FE-A76D-4F8C-87D9-F476C6F8F607\" data-e-action-hash=\"#elementor-action%3Aaction%3Dlightbox%26settings%3DeyJpZCI6MzI0LCJ1cmwiOiJodHRwczpcL1wvY3ludGhpYW1pY2hlbGRpc2Vuby5jb21cL3dwLWNvbnRlbnRcL3VwbG9hZHNcLzIwMjNcLzExXC8yQzkwRjlGRS1BNzZELTRGOEMtODdEOS1GNDc2QzZGOEY2MDcuanBnIiwic2xpZGVzaG93IjoiNGUyZTg0MGUifQ%3D%3D\" href='https:\/\/cynthiamicheldiseno.com\/wp-content\/uploads\/2023\/11\/2C90F9FE-A76D-4F8C-87D9-F476C6F8F607.jpg'><img loading=\"lazy\" decoding=\"async\" width=\"1024\" height=\"786\" src=\"https:\/\/cynthiamicheldiseno.com\/wp-content\/uploads\/2023\/11\/2C90F9FE-A76D-4F8C-87D9-F476C6F8F607-1024x786.jpg\" class=\"attachment-large size-large\" alt=\"\" \/><\/a>\n\t\t\t<\/div><\/figure>\n\t\t<\/div>\n\t\t<\/div>\n\t\t\t\t<\/div>\n\t\t\t\t<\/div>\n\t\t\t\t\t<\/div>\n\t\t<\/div>\n\t\t\t\t\t\t\t<\/div>\n\t\t<\/section>\n\t\t\t\t<footer class=\"elementor-section elementor-top-section elementor-element elementor-element-58be7b3c elementor-section-height-min-height elementor-section-content-middle elementor-section-full_width elementor-section-height-default elementor-section-items-middle\" data-id=\"58be7b3c\" data-element_type=\"section\" data-settings=\"{&quot;background_background&quot;:&quot;classic&quot;}\">\n\t\t\t\t\t\t<div class=\"elementor-container elementor-column-gap-no\">\n\t\t\t\t\t<div class=\"elementor-column elementor-col-100 elementor-top-column elementor-element elementor-element-17574246\" data-id=\"17574246\" data-element_type=\"column\">\n\t\t\t<div class=\"elementor-widget-wrap elementor-element-populated\">\n\t\t\t\t\t\t\t\t<div class=\"elementor-element elementor-element-3c96672a elementor-icon-list--layout-inline elementor-align-center elementor-mobile-align-center elementor-list-item-link-full_width elementor-widget elementor-widget-icon-list\" data-id=\"3c96672a\" data-element_type=\"widget\" data-widget_type=\"icon-list.default\">\n\t\t\t\t<div class=\"elementor-widget-container\">\n\t\t\t\t\t<ul class=\"elementor-icon-list-items elementor-inline-items\">\n\t\t\t\t\t\t\t<li class=\"elementor-icon-list-item elementor-inline-item\">\n\t\t\t\t\t\t\t\t\t\t<span class=\"elementor-icon-list-text\">hola@cmdise\u00f1o<\/span>\n\t\t\t\t\t\t\t\t\t<\/li>\n\t\t\t\t\t\t\t\t<li class=\"elementor-icon-list-item elementor-inline-item\">\n\t\t\t\t\t\t\t\t\t\t<span class=\"elementor-icon-list-text\"><\/span>\n\t\t\t\t\t\t\t\t\t<\/li>\n\t\t\t\t\t\t<\/ul>\n\t\t\t\t<\/div>\n\t\t\t\t<\/div>\n\t\t\t\t\t<\/div>\n\t\t<\/div>\n\t\t\t\t\t\t\t<\/div>\n\t\t<\/footer>\n\t\t\t\t\t\t\t<\/div>\n\t\t","protected":false},"excerpt":{"rendered":"<p>Fortalece tu imagen y fomenta la lealtad y la colaboraci\u00f3n.&#8221; &#8220;El reconocimiento de clientes y personal de confianza a trav\u00e9s de regalos corporativos hola@cmdise\u00f1o<\/p>\n","protected":false},"author":1,"featured_media":0,"parent":0,"menu_order":0,"comment_status":"closed","ping_status":"closed","template":"","meta":{"site-sidebar-layout":"default","site-content-layout":"","ast-site-content-layout":"","site-content-style":"default","site-sidebar-style":"default","ast-global-header-display":"","ast-banner-title-visibility":"","ast-main-header-display":"","ast-hfb-above-header-display":"","ast-hfb-below-header-display":"","ast-hfb-mobile-header-display":"","site-post-title":"","ast-breadcrumbs-content":"","ast-featured-img":"","footer-sml-layout":"","theme-transparent-header-meta":"","adv-header-id-meta":"","stick-header-meta":"","header-above-stick-meta":"","header-main-stick-meta":"","header-below-stick-meta":"","astra-migrate-meta-layouts":"default","ast-page-background-enabled":"default","ast-page-background-meta":{"desktop":{"background-color":"var(--ast-global-color-4)","background-image":"","background-repeat":"repeat","background-position":"center center","background-size":"auto","background-attachment":"scroll","background-type":"","background-media":"","overlay-type":"","overlay-color":"","overlay-opacity":"","overlay-gradient":""},"tablet":{"background-color":"","background-image":"","background-repeat":"repeat","background-position":"center center","background-size":"auto","background-attachment":"scroll","background-type":"","background-media":"","overlay-type":"","overlay-color":"","overlay-opacity":"","overlay-gradient":""},"mobile":{"background-color":"","background-image":"","background-repeat":"repeat","background-position":"center center","background-size":"auto","background-attachment":"scroll","background-type":"","background-media":"","overlay-type":"","overlay-color":"","overlay-opacity":"","overlay-gradient":""}},"ast-content-background-meta":{"desktop":{"background-color":"var(--ast-global-color-5)","background-image":"","background-repeat":"repeat","background-position":"center center","background-size":"auto","background-attachment":"scroll","background-type":"","background-media":"","overlay-type":"","overlay-color":"","overlay-opacity":"","overlay-gradient":""},"tablet":{"background-color":"var(--ast-global-color-5)","background-image":"","background-repeat":"repeat","background-position":"center center","background-size":"auto","background-attachment":"scroll","background-type":"","background-media":"","overlay-type":"","overlay-color":"","overlay-opacity":"","overlay-gradient":""},"mobile":{"background-color":"var(--ast-global-color-5)","background-image":"","background-repeat":"repeat","background-position":"center center","background-size":"auto","background-attachment":"scroll","background-type":"","background-media":"","overlay-type":"","overlay-color":"","overlay-opacity":"","overlay-gradient":""}},"footnotes":""},"class_list":["post-310","page","type-page","status-publish","hentry"],"aioseo_notices":[],"_links":{"self":[{"href":"https:\/\/cynthiamicheldiseno.com\/index.php\/wp-json\/wp\/v2\/pages\/310"}],"collection":[{"href":"https:\/\/cynthiamicheldiseno.com\/index.php\/wp-json\/wp\/v2\/pages"}],"about":[{"href":"https:\/\/cynthiamicheldiseno.com\/index.php\/wp-json\/wp\/v2\/types\/page"}],"author":[{"embeddable":true,"href":"https:\/\/cynthiamicheldiseno.com\/index.php\/wp-json\/wp\/v2\/users\/1"}],"replies":[{"embeddable":true,"href":"https:\/\/cynthiamicheldiseno.com\/index.php\/wp-json\/wp\/v2\/comments?post=310"}],"version-history":[{"count":8,"href":"https:\/\/cynthiamicheldiseno.com\/index.php\/wp-json\/wp\/v2\/pages\/310\/revisions"}],"predecessor-version":[{"id":333,"href":"https:\/\/cynthiamicheldiseno.com\/index.php\/wp-json\/wp\/v2\/pages\/310\/revisions\/333"}],"wp:attachment":[{"href":"https:\/\/cynthiamicheldiseno.com\/index.php\/wp-json\/wp\/v2\/media?parent=310"}],"curies":[{"name":"wp","href":"https:\/\/api.w.org\/{rel}","templated":true}]}}